{"id":32,"date":"2025-06-12T06:58:09","date_gmt":"2025-06-12T06:58:09","guid":{"rendered":"https:\/\/www.svabb.com\/?page_id=32"},"modified":"2025-07-12T14:25:42","modified_gmt":"2025-07-12T14:25:42","slug":"impressum-datenschutzerklarung","status":"publish","type":"page","link":"https:\/\/www.svabb.com\/index.php\/impressum-datenschutzerklarung\/","title":{"rendered":"Impressum \/ Datenschutzerkl\u00e4rung"},"content":{"rendered":"\n<div style=\"height:37px\" aria-hidden=\"true\" class=\"wp-block-spacer\"><\/div>\n\n\n\n<h1 class=\"wp-block-heading alignfull has-text-align-center\"><strong>Datenschutzerkl\u00e4rung<\/strong><\/h1>\n\n\n\n<div class=\"wp-block-group alignfull is-content-justification-left is-layout-constrained wp-container-core-group-is-layout-12dd3699 wp-block-group-is-layout-constrained\">\n<p>Verantwortlicher im Sinne des Datenschutzrechts ist<\/p>\n\n\n\n<p>Anton Fricke <\/p>\n\n\n\n<p>Ostende 40<\/p>\n\n\n\n<p>22045 Hamburg<\/p>\n\n\n\n<p>E-Mail: info@svabb.com<\/p>\n\n\n\n<p><strong>Datenverarbeitung bei informatorischer Nutzung der Webseite<\/strong><\/p>\n\n\n\n<p>Diese Webseite kann betrachtet werden, ohne dass personenbezogene Daten<\/p>\n\n\n\n<p>durch den Nutzer angegeben werden m\u00fcssen. Durch den Verantwortlichen<\/p>\n\n\n\n<p>werden bei informatorischer Nutzung der Webseite keine personenbezogenen<\/p>\n\n\n\n<p>Daten verarbeitet.<\/p>\n\n\n\n<p>Die Verarbeitung personenbezogener Daten durch den Webhoster bleibt<\/p>\n\n\n\n<p>davon unber\u00fchrt. Der Webhoster speichert zur Erstellung von<\/p>\n\n\n\n<p>Besucherstatistiken sowie zu Verhinderung und Verfolgung von<\/p>\n\n\n\n<p>missbr\u00e4uchlichen Zugriffen IP-Adresse, besuchte Seite, verweisende Seite,<\/p>\n\n\n\n<p>Browser (User Agent), Ort und Datum. Die Speicherdauer betr\u00e4gt maximal 8<\/p>\n\n\n\n<p>Wochen.<\/p>\n\n\n\n<p><strong>Datenverarbeitung bei Kontaktaufnahme<\/strong><\/p>\n\n\n\n<p>Sofern Sie mit dem Verantwortlichen bzw. dessen Unternehmen Kontakt<\/p>\n\n\n\n<p>aufnehmen, gleich ob per E-Mail, Telefon, das ggf. bestehende<\/p>\n\n\n\n<p>Kontaktformular oder in sonstiger Weise, werden die von Ihnen im<\/p>\n\n\n\n<p>Rahmen der Kontaktaufnahme zur Verf\u00fcgung gestellten Daten verarbeitet,<\/p>\n\n\n\n<p>um das in Ihrer Kontaktaufnahme ausgedr\u00fcckte Anliegen zu bearbeiten.<\/p>\n\n\n\n<p>Aufgrund gesetzlicher Vorschriften m\u00fcssen die Daten als Gesch\u00e4ftsbriefe 6<\/p>\n\n\n\n<p>Jahre archiviert werden.<\/p>\n\n\n\n<p><strong>Datenverarbeitung bei Vertragsschluss<\/strong><\/p>\n\n\n\n<p>Wenn Sie mit dem Verantwortlichen bzw. dessen Unternehmen einen Vertrag<\/p>\n\n\n\n<p>schlie\u00dfen, werden die von Ihnen im Rahmen des Vertragsschlusses oder der<\/p>\n\n\n\n<p>sp\u00e4teren Auftragsdurchf\u00fchrung \u00fcbermittelten Daten zur Ausf\u00fchrung Ihres<\/p>\n\n\n\n<p>Auftrags gespeichert und verarbeitet. Dabei handelt es sich um solche Daten,<\/p>\n\n\n\n<p>die Sie selbst im Rahmen der Beauftragung oder der Auftragsabwicklung<\/p>\n\n\n\n<p>\u00fcbermitteln.<\/p>\n\n\n\n<p>Eine Weitergabe Ihrer Daten erfolgt an die Dienstleister, die an der Erf\u00fcllung<\/p>\n\n\n\n<p>des Vertrags mitwirken, wie z.B. den mit der Lieferung beauftragten<\/p>\n\n\n\n<p>Logistikdienstleister oder ggf. einen Zahlungsdienstleister. Weitergegeben<\/p>\n\n\n\n<p>werden dabei nur die f\u00fcr den jeweiligen Zweck unbedingt notwendigen<\/p>\n\n\n\n<p>Daten.<\/p>\n\n\n\n<p><strong>Rechtsgrundlagen der Datenverarbeitung<\/strong><\/p>\n\n\n\n<p>Rechtsgrundlage f\u00fcr die Datenverarbeitung<\/p>\n\n\n\n<p>\u2013 im Falle Ihrer Einwilligung ist Art. 6 Abs. 1 Buchstabe a, Art. 7 DSGVO.<\/p>\n\n\n\n<p>\u2013 zur Erf\u00fcllung unserer eigenen rechtlichen Verpflichtungen ist Art. 6 Abs. 1<\/p>\n\n\n\n<p>Buchstabe c DSGVO.<\/p>\n\n\n\n<p>\u2013 zu Wahrung unserer berechtigten Interessen ist Art. 6 Abs. 1 Buchstabe f<\/p>\n\n\n\n<p>DSGVO.<\/p>\n\n\n\n<p><strong>Folgen der Nicht-Bereitstellung von Daten<\/strong><\/p>\n\n\n\n<p>Sofern Sie die in den gekennzeichneten Pflichtfeldern einzugebenden Daten<\/p>\n\n\n\n<p>nicht bereitstellen, k\u00f6nnen Sie die zugeh\u00f6rige Leistung nicht erhalten.<\/p>\n\n\n\n<p><strong>Ma\u00dfnahmen zur Datensicherheit<\/strong><\/p>\n\n\n\n<p>Der Verantwortliche trifft dem Stand der Technik entsprechende technische,<\/p>\n\n\n\n<p>organisatorische, und im Fall der Auftragsdatenverarbeitung auch<\/p>\n\n\n\n<p>vertragliche Ma\u00dfnahmen um die Vertraulichkeit und Sicherheit Ihrer Daten<\/p>\n\n\n\n<p>gegen unberechtigten Zugriff, Zerst\u00f6rung, Verlust sowie Manipulation zu<\/p>\n\n\n\n<p>gew\u00e4hrleisten.<\/p>\n\n\n\n<p><strong>Weitergabe Ihrer Daten<\/strong><\/p>\n\n\n\n<p>Wir geben Ihre pers\u00f6nlichen Daten nur dann an Dritte weiter, wenn:<\/p>\n\n\n\n<p>\u2013 Sie Ihre ausdr\u00fcckliche Einwilligung dazu erteilt haben (Art. 6 Abs. 1<\/p>\n\n\n\n<p>Buchstabe a DSGVO), oder<\/p>\n\n\n\n<p>\u2013 dies gesetzlich zul\u00e4ssig und f\u00fcr die Abwicklung von Vertragsverh\u00e4ltnissen<\/p>\n\n\n\n<p>mit Ihnen erforderlich (Art. 6 Abs. 1 Buchstabe b DSGVO), oder<\/p>\n\n\n\n<p>\u2013 f\u00fcr die Weitergabe eine gesetzliche Verpflichtung besteht (Art. 6 Abs. 1<\/p>\n\n\n\n<p>Buchstabe c DSGVO), oder<\/p>\n\n\n\n<p>\u2013 die Weitergabe zur Geltendmachung, Aus\u00fcbung oder Verteidigung von<\/p>\n\n\n\n<p>Rechtsanspr\u00fcchen erforderlich ist und kein Grund zur Annahme besteht, dass<\/p>\n\n\n\n<p>Sie ein \u00fcberwiegendes schutzw\u00fcrdiges Interesse an der Nichtweitergabe Ihrer<\/p>\n\n\n\n<p>Daten haben (Art. 6 Abs. 1 Buchstabe f DSGVO).<\/p>\n\n\n\n<p><strong>Hosting<\/strong><\/p>\n\n\n\n<p>Wir hosten die Inhalte unserer Website auf dem Server der Firma:<\/p>\n\n\n\n<h3 class=\"wp-block-heading\">Clever Home Labs<\/h3>\n\n\n\n<p>Wenn Sie unsere Website besuchen, erfasst Clever Home Labs verschiedene Logfiles inklusive Ihrer IP-Adressen. Diese werden allerdings umgehend gel\u00f6scht. <br>Die Verwendung des Servers von Clever Home Labs erfolgt auf Grundlage von Art. 6 Abs. 1 lit. f DSGVO. Wir haben ein<br>berechtigtes Interesse an einer m\u00f6glichst zuverl\u00e4ssigen Darstellung unserer Website. Sofern eine<br>entsprechende Einwilligung abgefragt wurde, erfolgt die Verarbeitung ausschlie\u00dflich auf Grundlage von Art.<br>6 Abs. 1 lit. a DSGVO und \u00a7 25 Abs. 1 TDDDG, soweit die Einwilligung die Speicherung von Cookies oder den<br>Zugriff auf Informationen im Endger\u00e4t des Nutzers (z. B. Device-Fingerprinting) im Sinne des TDDDG<br>umfasst. Die Einwilligung ist jederzeit widerrufbar.<br><br><strong>Auftragsverarbeitung<\/strong><br><br>Wir haben einen Vertrag \u00fcber Auftragsverarbeitung (AVV) zur Nutzung des oben genannten Dienstes<br>geschlossen. Hierbei handelt es sich um einen datenschutzrechtlich vorgeschriebenen Vertrag, der<br>gew\u00e4hrleistet, dass dieser die personenbezogenen Daten unserer Websitebesucher nur nach unseren<br>Weisungen und unter Einhaltung der DSGVO verarbeitet.<\/p>\n\n\n\n<p><strong>Dienste von Drittanbietern<\/strong><\/p>\n\n\n\n<p><strong>Real Cookie Banner<\/strong><\/p>\n\n\n\n<p>Auf dieser Webseite kommt das WordPress Plugin \u201eReal Cookie Banner\u201c der<\/p>\n\n\n\n<p>devowl.io GmbH, Tannet 12, 94539 Grafling zum Einsatz.<\/p>\n\n\n\n<p>Real Cookie Banner setzt Cookies und Cookie-\u00e4hnliche Informationen auf<\/p>\n\n\n\n<p>dem Endger\u00e4t des Webseitenbesuchers. Diese sind technisch notwendig, um<\/p>\n\n\n\n<p>die Auswahl des Webseitenbesuchers zu speichern und Services, in die er<\/p>\n\n\n\n<p>eingewilligt hat, auf der Webseite laden zu k\u00f6nnen.<\/p>\n\n\n\n<p>Die Cookies und Cookie-\u00e4hnlichen Informationen werden auf Grundlage der<\/p>\n\n\n\n<p>Erf\u00fcllung einer rechtlichen Verpflichtung (Einholung von Einwilligungen<\/p>\n\n\n\n<p>zum Setzen von Cookies und Verarbeiten personenbezogener Daten) nach<\/p>\n\n\n\n<p>Art. 6 Abs. 1 lit. c DSGVO gesetzt.<\/p>\n\n\n\n<p>Die Datenverarbeitung findet ausschlie\u00dflich auf dem Server des<\/p>\n\n\n\n<p>Webseitenbetreibers statt, eine Daten\u00fcbermittlung an den Anbieter des \u201eReal<\/p>\n\n\n\n<p>Cookie Banners\u201c oder Dritte erfolgt nicht.<\/p>\n\n\n\n<p>Weitergehende Informationen zur Datenverarbeitung bei Nutzung des \u201eReal<\/p>\n\n\n\n<p>Cookie Banners\u201c finden Sie hier: https:\/\/devowl.io\/de\/wissensdatenbank\/real-<\/p>\n\n\n\n<p>cookie-banner-datenverarbeitung\/<\/p>\n\n\n\n<p><strong>Google Analytics<\/strong><\/p>\n\n\n\n<p>Auf dieser Webseite kommt der Analysedienst \u201eGoogle Analytics\u201c der<\/p>\n\n\n\n<p>Google Ireland Ltd., Gordon House, Barrow Street, Dublin 4, Irland zum<\/p>\n\n\n\n<p>Einsatz.<\/p>\n\n\n\n<p>Damit ist es dem Betreiber der Webseite m\u00f6glich, das Verhalten des<\/p>\n\n\n\n<p>Webseitenbesuchers zu erfassen und auszuwerten. Erfasste und ausgewertete<\/p>\n\n\n\n<p>Daten sind z.B. Seitenaufrufe, Verweildauer auf der Webseite, verwendetes<\/p>\n\n\n\n<p>Betriebssystem, Herkunft des Webseitenbesuchers, es k\u00f6nnen aber auch<\/p>\n\n\n\n<p>Maus- und Scrollbewegungen des Webseitenbesuchers aufgezeichnet werden.<\/p>\n\n\n\n<p>Google kann erfasste Datens\u00e4tze automatisiert erg\u00e4nzen und mittels<\/p>\n\n\n\n<p>\u201eMachine-Learning-Technologie\u201c analysieren.<\/p>\n\n\n\n<p>Mittels der von Google eingesetzten Technologien ist es m\u00f6glich, den<\/p>\n\n\n\n<p>Webseitenbesucher zur Analyse seines Nutzerverhaltens zu identifizieren.<\/p>\n\n\n\n<p>Das kann z.B. \u00fcber den Einsatz von Cookies oder eine Ger\u00e4teidentifikation<\/p>\n\n\n\n<p>(\u201cDevice-Fingerprinting\u201c) erfolgen. Die Verarbeitung der von Google<\/p>\n\n\n\n<p>erhobenen Daten erfolgt im Regelfall auf Servern in den USA.<\/p>\n\n\n\n<p>Die Daten\u00fcbertragung in die USA erfolgt auf Grundlage der Standard-<\/p>\n\n\n\n<p>Vertragsklauseln der EU-Kommission. Weitere Informationen dazu finden<\/p>\n\n\n\n<p>Sie hier: https:\/\/privacy.google.com\/businesses\/controllerterms\/mccs\/<\/p>\n\n\n\n<p>Google ist zudem nach dem \u201eEU-US Data Privacy Framework (DPF)<\/p>\n\n\n\n<p>zertifiziert. Dabei handelt es sich \u00fcber eine Vereinbarung zwischen der<\/p>\n\n\n\n<p>Europ\u00e4ischen Union und den USA, die die Einhaltung europ\u00e4ischer<\/p>\n\n\n\n<p>Datenschutzstandards in den USA sicherstellen soll. Zertifizierte<\/p>\n\n\n\n<p>Unternehmen verpflichten sich zur Einhaltung der europ\u00e4ischen<\/p>\n\n\n\n<p>Datenschutzstandards<\/p>\n\n\n\n<p>Der Betreiber dieser Webseite hat die IP-Anonymisierung f\u00fcr die Nutzung<\/p>\n\n\n\n<p>von Google Analytics aktiviert. Das f\u00fchrt dazu, dass die IP-Adresse des<\/p>\n\n\n\n<p>Webseitenbesuchers vor der \u00dcbermittlung in die USA in einem Staat der<\/p>\n\n\n\n<p>Europ\u00e4ischen Union oder des Europ\u00e4ischen Wirtschaftsraums (\u201cEWR\u201c)<\/p>\n\n\n\n<p>gek\u00fcrzt wird. In Ausnahmef\u00e4llen ist dennoch eine \u00dcbermittlung der<\/p>\n\n\n\n<p>ungek\u00fcrzten IP-Adresse in die USA und die dortige K\u00fcrzung m\u00f6glich.<\/p>\n\n\n\n<p>Der Betreiber dieser Webseite hat mit Google einen Vertrag zur<\/p>\n\n\n\n<p>Auftragsverarbeitung abgeschlossen. Im Rahmen der Auftragsverarbeitung<\/p>\n\n\n\n<p>wird Google f\u00fcr den Betreiber der Webseite die Nutzung der Webseite<\/p>\n\n\n\n<p>auswerten und Berichte \u00fcber die Nutzung erstellen. Die gewonnenen Daten<\/p>\n\n\n\n<p>k\u00f6nnen von Google auch daf\u00fcr genutzt werden, weitere Dienstleistungen im<\/p>\n\n\n\n<p>Zusammenhang mit der Webseiten- und Internetnutzung zu erbringen. Eine<\/p>\n\n\n\n<p>Zusammenf\u00fchrung der erhobenen Daten mit anderen Datenbest\u00e4nden von<\/p>\n\n\n\n<p>Google erfolgt nicht.<\/p>\n\n\n\n<p>Sofern Sie eine Erfassung und Verarbeitung Ihrer Daten durch Google nicht<\/p>\n\n\n\n<p>w\u00fcnschen, k\u00f6nnen Sie das unter diesem Link: https:\/\/tools.google.com\/dlpage\/gaoptout?hl=de verf\u00fcgbare Browser-Plugin herunterladen und<\/p>\n\n\n\n<p>installieren.<\/p>\n\n\n\n<p>Weiterf\u00fchrende Informationen zur Erhebung und Verarbeitung von<\/p>\n\n\n\n<p>Nutzerdaten im Rahmen der Nutzung von Google Analytics finden Sie hier:<\/p>\n\n\n\n<p><a href=\"https:\/\/support.google.com\/analytics\/answer\/6004245?hl=de\">https:\/\/support.google.com\/analytics\/answer\/6004245?hl=de<\/a><\/p>\n\n\n\n<p><strong>Contact Form 7<\/strong><\/p>\n\n\n\n<p>Auf dieser Webseite kommt das WordPress-Plugin \u201eContact Form 7\u201c,<\/p>\n\n\n\n<p>betrieben von Takayuki Miyoshi, Fukuoka, Japan, zum Einsatz. Mithilfe des<\/p>\n\n\n\n<p>Plugins wurde das Kontaktformular erstellt.<\/p>\n\n\n\n<p>Sofern Sie das Kontaktformular nutzen, werden die von Ihnen eingegebene<\/p>\n\n\n\n<p>Daten automatisiert verarbeitet und einerseits dem Webseitenbetreiber<\/p>\n\n\n\n<p>\u00fcbermittelt, andererseits als Best\u00e4tigung der Nachrichten\u00fcbermittlung in<\/p>\n\n\n\n<p>Kopie an Sie geschickt.<\/p>\n\n\n\n<p><strong>Daten\u00fcbermittlung in Drittl\u00e4nder<\/strong><\/p>\n\n\n\n<p>Der Verantwortliche \u00fcbermittelt keine personenbezogenen Daten in<\/p>\n\n\n\n<p>Drittl\u00e4nder.<\/p>\n\n\n\n<p><strong>Ihre Rechte<\/strong><\/p>\n\n\n\n<p>Der Verantwortliche legt gro\u00dfen Wert auf Schutz der Sie betreffenden<\/p>\n\n\n\n<p>personenbezogenen Daten. Die Sie betreffenden personenbezogenen Daten<\/p>\n\n\n\n<p>werden nach Zweckerreichung, oder, falls gesetzliche<\/p>\n\n\n\n<p>Archivierungsverpflichtungen bestehen, nach deren Ende unaufgefordert<\/p>\n\n\n\n<p>gel\u00f6scht.<\/p>\n\n\n\n<p>Sofern die Datenverarbeitung aufgrund einer von Ihnen erteilten Einwilligung<\/p>\n\n\n\n<p>erfolgt, k\u00f6nnen Sie diese Einwilligung jederzeit und ohne Angabe von<\/p>\n\n\n\n<p>Gr\u00fcnden f\u00fcr die Zukunft widerrufen. Der Widerruf ber\u00fchrt nicht die<\/p>\n\n\n\n<p>Rechtm\u00e4\u00dfigkeit der aufgrund der erteilten Einwilligung bis zum Widerruf<\/p>\n\n\n\n<p>erfolgten Verarbeitung, Art. 7 Abs. 3 DSGVO.<\/p>\n\n\n\n<p>Sie haben das Recht, vom Verantwortlichen Auskunft \u00fcber die Verarbeitung<\/p>\n\n\n\n<p>von Sie betreffenden personenbezogenen Daten zu verlangen, Art. 15<\/p>\n\n\n\n<p>DSGVO.<\/p>\n\n\n\n<p>Sie haben das Recht, die Berichtigung der \u00fcber Sie gespeicherten<\/p>\n\n\n\n<p>personenbezogenen Daten zu verlangen, Art. 16 DSGVO.<\/p>\n\n\n\n<p>Sie haben das Recht, die L\u00f6schung der Sie betreffenden personenbezogenen<\/p>\n\n\n\n<p>Daten zu verlangen, Art. 17 DSGVO.<\/p>\n\n\n\n<p>Sie haben das Recht, die Einschr\u00e4nkung der Verarbeitung der Sie<\/p>\n\n\n\n<p>betreffenden personenbezogenen Daten zu verlangen, Art. 18 DSGVO.<\/p>\n\n\n\n<p>Sie haben das Recht auf \u00dcbertragbarkeit der Sie betreffenden<\/p>\n\n\n\n<p>personenbezogenen Daten, Art. 20 DSGVO.<\/p>\n\n\n\n<p>Sie haben das Recht, aus Gr\u00fcnden, die sich aus Ihrer besonderen Situation<\/p>\n\n\n\n<p>ergeben, jederzeit gegen die Verarbeitung Sie betreffender personenbezogene<\/p>\n\n\n\n<p>Daten, die aufgrund von Art. 6 Abs. 1 Buchstabe e oder f erfolgt,<\/p>\n\n\n\n<p>Widerspruch einzulegen, Art. 21 DSGVO.<\/p>\n\n\n\n<p>F\u00fcr alle vorstehend bezeichneten Anliegen betreffend die Verarbeitung Ihrer<\/p>\n\n\n\n<p>personenbezogenen Daten durch den o.g. Verantwortlichen, wenden Sie sich<\/p>\n\n\n\n<p>bitte unter den oben oder im Impressum angegebenen Kontaktdaten an den<\/p>\n\n\n\n<p>Verantwortlichen.<\/p>\n\n\n\n<p>Sie haben das Recht, sich \u00fcber die Verarbeitung Sie betreffender<\/p>\n\n\n\n<p>personenbezogener Daten bei der zust\u00e4ndigen Aufsichtsbeh\u00f6rde zu<\/p>\n\n\n\n<p>beschweren, sofern Sie der Auffassung sind, die Verarbeitung der Sie<\/p>\n\n\n\n<p>betreffenden personenbezogenen Daten versto\u00dfe gegen die Vorschriften der<\/p>\n\n\n\n<p>DSGVO, Art. 77 DSGVO.<\/p>\n<\/div>\n","protected":false},"excerpt":{"rendered":"<p>Datenschutzerkl\u00e4rung Verantwortlicher im Sinne des Datenschutzrechts ist Anton Fricke Ostende 40 22045 Hamburg E-Mail: info@svabb.com Datenverarbeitung bei informatorischer Nutzung der [&hellip;]<\/p>\n","protected":false},"author":4,"featured_media":0,"parent":0,"menu_order":0,"comment_status":"closed","ping_status":"closed","template":"","meta":{"site-sidebar-layout":"default","site-content-layout":"","ast-site-content-layout":"","site-content-style":"default","site-sidebar-style":"default","ast-global-header-display":"","ast-banner-title-visibility":"","ast-main-header-display":"","ast-hfb-above-header-display":"","ast-hfb-below-header-display":"","ast-hfb-mobile-header-display":"","site-post-title":"disabled","ast-breadcrumbs-content":"","ast-featured-img":"","footer-sml-layout":"","theme-transparent-header-meta":"","adv-header-id-meta":"","stick-header-meta":"","header-above-stick-meta":"","header-main-stick-meta":"","header-below-stick-meta":"","astra-migrate-meta-layouts":"default","ast-page-background-enabled":"default","ast-page-background-meta":{"desktop":{"background-color":"var(--ast-global-color-5)","background-image":"","background-repeat":"repeat","background-position":"center center","background-size":"auto","background-attachment":"scroll","background-type":"","background-media":"","overlay-type":"","overlay-color":"","overlay-opacity":"","overlay-gradient":""},"tablet":{"background-color":"","background-image":"","background-repeat":"repeat","background-position":"center center","background-size":"auto","background-attachment":"scroll","background-type":"","background-media":"","overlay-type":"","overlay-color":"","overlay-opacity":"","overlay-gradient":""},"mobile":{"background-color":"","background-image":"","background-repeat":"repeat","background-position":"center center","background-size":"auto","background-attachment":"scroll","background-type":"","background-media":"","overlay-type":"","overlay-color":"","overlay-opacity":"","overlay-gradient":""}},"ast-content-background-meta":{"desktop":{"background-color":"var(--ast-global-color-4)","background-image":"","background-repeat":"repeat","background-position":"center center","background-size":"auto","background-attachment":"scroll","background-type":"","background-media":"","overlay-type":"","overlay-color":"","overlay-opacity":"","overlay-gradient":""},"tablet":{"background-color":"var(--ast-global-color-4)","background-image":"","background-repeat":"repeat","background-position":"center center","background-size":"auto","background-attachment":"scroll","background-type":"","background-media":"","overlay-type":"","overlay-color":"","overlay-opacity":"","overlay-gradient":""},"mobile":{"background-color":"var(--ast-global-color-4)","background-image":"","background-repeat":"repeat","background-position":"center center","background-size":"auto","background-attachment":"scroll","background-type":"","background-media":"","overlay-type":"","overlay-color":"","overlay-opacity":"","overlay-gradient":""}},"footnotes":""},"class_list":["post-32","page","type-page","status-publish","hentry"],"_links":{"self":[{"href":"https:\/\/www.svabb.com\/index.php\/wp-json\/wp\/v2\/pages\/32","targetHints":{"allow":["GET"]}}],"collection":[{"href":"https:\/\/www.svabb.com\/index.php\/wp-json\/wp\/v2\/pages"}],"about":[{"href":"https:\/\/www.svabb.com\/index.php\/wp-json\/wp\/v2\/types\/page"}],"author":[{"embeddable":true,"href":"https:\/\/www.svabb.com\/index.php\/wp-json\/wp\/v2\/users\/4"}],"replies":[{"embeddable":true,"href":"https:\/\/www.svabb.com\/index.php\/wp-json\/wp\/v2\/comments?post=32"}],"version-history":[{"count":9,"href":"https:\/\/www.svabb.com\/index.php\/wp-json\/wp\/v2\/pages\/32\/revisions"}],"predecessor-version":[{"id":125,"href":"https:\/\/www.svabb.com\/index.php\/wp-json\/wp\/v2\/pages\/32\/revisions\/125"}],"wp:attachment":[{"href":"https:\/\/www.svabb.com\/index.php\/wp-json\/wp\/v2\/media?parent=32"}],"curies":[{"name":"wp","href":"https:\/\/api.w.org\/{rel}","templated":true}]}}